{"id":1620,"date":"2026-03-15T14:13:21","date_gmt":"2026-03-15T14:13:21","guid":{"rendered":"https:\/\/goudsedichtersschool.nl\/?page_id=1620"},"modified":"2026-03-15T18:37:34","modified_gmt":"2026-03-15T18:37:34","slug":"muzikaal-matinee-leroux-en-leroux-in-concordia","status":"publish","type":"page","link":"https:\/\/goudsedichtersschool.nl\/index.php\/muzikaal-matinee-leroux-en-leroux-in-concordia\/","title":{"rendered":"Muzikaal matinee Leroux en Leroux in Concordia"},"content":{"rendered":"\n<figure class=\"wp-block-image size-large\"><img loading=\"lazy\" decoding=\"async\" width=\"1024\" height=\"576\" src=\"https:\/\/goudsedichtersschool.nl\/wp-content\/uploads\/2026\/03\/6da2943b-1fa6-4df1-b416-14b41a78b37d-1024x576.webp\" alt=\"\" class=\"wp-image-1621\" srcset=\"https:\/\/goudsedichtersschool.nl\/wp-content\/uploads\/2026\/03\/6da2943b-1fa6-4df1-b416-14b41a78b37d-1024x576.webp 1024w, https:\/\/goudsedichtersschool.nl\/wp-content\/uploads\/2026\/03\/6da2943b-1fa6-4df1-b416-14b41a78b37d-300x169.webp 300w, https:\/\/goudsedichtersschool.nl\/wp-content\/uploads\/2026\/03\/6da2943b-1fa6-4df1-b416-14b41a78b37d-768x432.webp 768w, https:\/\/goudsedichtersschool.nl\/wp-content\/uploads\/2026\/03\/6da2943b-1fa6-4df1-b416-14b41a78b37d.webp 1440w\" sizes=\"auto, (max-width: 1024px) 100vw, 1024px\" \/><\/figure>\n\n\n\n<p>Singer-songwriter Eva-Nicole Leroux treedt op zondag 19 april samen met haar moeder, oud-stadsdichter Hanneke Leroux, op op als \u2019top of the bill\u2019 van het Muzikaal Matinee\u00a0in Soci\u00ebteit Concordia. Het belooft een bijzondere middag te worden waarin muziek en po\u00ebzie samenkomen, schrijft de organisatie.<\/p>\n\n\n\n<p>Eva-Nicole Leroux won in 2025 de Goudse Popprijs. Achter de piano brengt zij haar liedjes tot leven met dromerige melodie\u00ebn en onverwachte harmonie\u00ebn. Haar moeder Hanneke was stadsdichter van Gouda en schrijft po\u00ebzie die het alledaagse in een ander licht zet \u2014 persoonlijk, beschouwend en verweven met de samenleving.<\/p>\n\n\n\n<p>Dit jaar staat ook het duo Sin Tierra op het programma. Juliana Martina en Jaime Nanoha leerden elkaar kennen op conservatorium Codarts in Rotterdam en spelen inmiddels meer dan tien jaar samen. Hun muziek combineert Latijns-Amerikaanse muziek, jazz, klassieke muziek en hiphop. De achtergronden van beide musici \u2014 Cura\u00e7ao, Colombia, Suriname, Indonesi\u00eb en Nederland \u2014 vormen een grote inspiratiebron voor hun werk.<\/p>\n\n\n\n<p>Het Muzikaal Matinee vindt plaats op zondag 19 april in de grote zaal van Soci\u00ebteit Concordia, Westhaven 27 in Gouda. De zaal opent om 14:00 uur, het programma begint om 14:30 uur. Kaarten kosten \u20ac 15,- en zijn te bestellen via ticketkantoor.nl\/shop\/lente2026.<\/p>\n\n\n\n<p><\/p>\n","protected":false},"excerpt":{"rendered":"<p>Singer-songwriter Eva-Nicole Leroux treedt op zondag 19 april samen met haar moeder, oud-stadsdichter Hanneke Leroux, op op als \u2019top of the bill\u2019 van het Muzikaal Matinee\u00a0in Soci\u00ebteit Concordia. Het belooft een bijzondere middag te worden waarin muziek en po\u00ebzie samenkomen, schrijft de organisatie. Eva-Nicole Leroux won in 2025 de Goudse Popprijs. Achter de piano brengt [&hellip;]<\/p>\n","protected":false},"author":2,"featured_media":1621,"parent":0,"menu_order":0,"comment_status":"closed","ping_status":"closed","template":"","meta":{"footnotes":""},"class_list":["post-1620","page","type-page","status-publish","has-post-thumbnail","hentry"],"_links":{"self":[{"href":"https:\/\/goudsedichtersschool.nl\/index.php\/wp-json\/wp\/v2\/pages\/1620","targetHints":{"allow":["GET"]}}],"collection":[{"href":"https:\/\/goudsedichtersschool.nl\/index.php\/wp-json\/wp\/v2\/pages"}],"about":[{"href":"https:\/\/goudsedichtersschool.nl\/index.php\/wp-json\/wp\/v2\/types\/page"}],"author":[{"embeddable":true,"href":"https:\/\/goudsedichtersschool.nl\/index.php\/wp-json\/wp\/v2\/users\/2"}],"replies":[{"embeddable":true,"href":"https:\/\/goudsedichtersschool.nl\/index.php\/wp-json\/wp\/v2\/comments?post=1620"}],"version-history":[{"count":4,"href":"https:\/\/goudsedichtersschool.nl\/index.php\/wp-json\/wp\/v2\/pages\/1620\/revisions"}],"predecessor-version":[{"id":1627,"href":"https:\/\/goudsedichtersschool.nl\/index.php\/wp-json\/wp\/v2\/pages\/1620\/revisions\/1627"}],"wp:featuredmedia":[{"embeddable":true,"href":"https:\/\/goudsedichtersschool.nl\/index.php\/wp-json\/wp\/v2\/media\/1621"}],"wp:attachment":[{"href":"https:\/\/goudsedichtersschool.nl\/index.php\/wp-json\/wp\/v2\/media?parent=1620"}],"curies":[{"name":"wp","href":"https:\/\/api.w.org\/{rel}","templated":true}]}}